{"id":89,"date":"2025-04-27T18:55:27","date_gmt":"2025-04-27T16:55:27","guid":{"rendered":"https:\/\/dev.reconnect.im\/?page_id=89"},"modified":"2025-06-08T23:12:37","modified_gmt":"2025-06-08T21:12:37","slug":"holistic","status":"publish","type":"page","link":"https:\/\/reconnect.im\/it\/holistic\/","title":{"rendered":"Holistic"},"content":{"rendered":"<div class=\"wp-block-columns alignfull are-vertically-aligned-center is-layout-flex wp-container-core-columns-is-layout-d2ca7aa4 wp-block-columns-is-layout-flex\">\n<div class=\"wp-block-column is-vertically-aligned-center is-layout-flow wp-block-column-is-layout-flow\" style=\"padding-top:32px;padding-right:32px;padding-bottom:32px;padding-left:32px\">\n<div class=\"wp-block-group is-layout-constrained wp-container-core-group-is-layout-6d6486c8 wp-block-group-is-layout-constrained\">\n<h2 class=\"wp-block-heading\"><strong>Trattamento di Pranoterapia<\/strong><\/h2>\n\n\n\n<p>Ti senti bloccato? Non riesci a trovare chiarezza, forza, coraggio o risorse interiori per orientarti o per progredire nella realizzazione dei tuoi desideri e obiettivi? Hai piccoli disturbi fisici o emotivi che, nonostante il supporto medico, continuano a ostacolarti nel guardare avanti con fiducia? Scopri il potere curativo dell\u2019energia con la pranoterapia. Questo metodo dolce utilizza l\u2019energia vitale per sciogliere blocchi fisici ed emotivi e ristabilire l\u2019equilibrio nel corpo.<br>Attraverso movimenti mirati delle mani nel campo energetico, il flusso energetico viene armonizzato, favorendo un profondo rilassamento, pace interiore e maggiore benessere. Ideale in caso di stress, stanchezza e vari disturbi \u2013 lasciati rigenerare e rivitalizzare dall\u2019energia positiva della pranoterapia. In questo modo, i tuoi desideri e obiettivi \u2013 sia nella sfera privata che professionale \u2013 trovano una via pi\u00f9 chiara e fluida, perch\u00e9 la tua energia vitale torna a scorrere in modo armonioso e potente.<sup>(1)<\/sup><\/p>\n<\/div>\n<\/div>\n\n\n\n<div class=\"wp-block-column is-vertically-aligned-center has-raft-bg-alt-background-color has-background is-layout-flow wp-block-column-is-layout-flow\" style=\"padding-top:32px;padding-right:32px;padding-bottom:32px;padding-left:32px\">\n<figure class=\"wp-block-image aligncenter size-full\"><img loading=\"lazy\" decoding=\"async\" width=\"1024\" height=\"1024\" src=\"https:\/\/reconnect.im\/wp-content\/uploads\/2025\/04\/Pranatherapie.png\" alt=\"\" class=\"wp-image-118\" srcset=\"https:\/\/reconnect.im\/wp-content\/uploads\/2025\/04\/Pranatherapie.png 1024w, https:\/\/reconnect.im\/wp-content\/uploads\/2025\/04\/Pranatherapie-300x300.png 300w, https:\/\/reconnect.im\/wp-content\/uploads\/2025\/04\/Pranatherapie-150x150.png 150w, https:\/\/reconnect.im\/wp-content\/uploads\/2025\/04\/Pranatherapie-768x768.png 768w\" sizes=\"auto, (max-width: 1024px) 100vw, 1024px\" \/><\/figure>\n<\/div>\n<\/div>\n\n\n\n<div class=\"wp-block-columns alignfull are-vertically-aligned-center is-layout-flex wp-container-core-columns-is-layout-d2ca7aa4 wp-block-columns-is-layout-flex\">\n<div class=\"wp-block-column is-vertically-aligned-center has-raft-bg-alt-background-color has-background is-layout-flow wp-block-column-is-layout-flow\" style=\"padding-top:32px;padding-right:32px;padding-bottom:32px;padding-left:32px\">\n<figure class=\"wp-block-image aligncenter size-full\"><img loading=\"lazy\" decoding=\"async\" width=\"1024\" height=\"1024\" src=\"https:\/\/reconnect.im\/wp-content\/uploads\/2025\/04\/AccessConsciousness-Bars.png\" alt=\"\" class=\"wp-image-119\" srcset=\"https:\/\/reconnect.im\/wp-content\/uploads\/2025\/04\/AccessConsciousness-Bars.png 1024w, https:\/\/reconnect.im\/wp-content\/uploads\/2025\/04\/AccessConsciousness-Bars-300x300.png 300w, https:\/\/reconnect.im\/wp-content\/uploads\/2025\/04\/AccessConsciousness-Bars-150x150.png 150w, https:\/\/reconnect.im\/wp-content\/uploads\/2025\/04\/AccessConsciousness-Bars-768x768.png 768w\" sizes=\"auto, (max-width: 1024px) 100vw, 1024px\" \/><\/figure>\n<\/div>\n\n\n\n<div class=\"wp-block-column is-vertically-aligned-center is-layout-flow wp-block-column-is-layout-flow\" style=\"padding-top:32px;padding-right:32px;padding-bottom:32px;padding-left:32px\">\n<div class=\"wp-block-group is-layout-constrained wp-container-core-group-is-layout-6d6486c8 wp-block-group-is-layout-constrained\">\n<h2 class=\"wp-block-heading\"><strong>AccessConsciousness Bars<\/strong>\u00ae<\/h2>\n\n\n\n<p>32 punti sulla testa vengono stimolati con un tocco leggero e attivati energeticamente, avviando un immediato processo di rilassamento e cambiamento nel corpo. Questo metodo innovativo libera energie negative accumulate dallo stress e apre lo spazio a nuova energia vitale. \u00c8 una tecnica di profondo rilassamento estremamente potente, capace di sciogliere convinzioni limitanti, pensieri, idee ed emozioni che ti impediscono di creare la vita che desideri davvero. Le limitazioni e i punti di vista che ti trattengono possono essere lasciati andare. L\u2019energia vitale viene riportata in equilibrio e anche il funzionamento degli organi pu\u00f2 trarne beneficio.<sup>(1)<\/sup><\/p>\n<\/div>\n<\/div>\n<\/div>\n\n\n\n<div class=\"wp-block-columns alignfull are-vertically-aligned-center is-layout-flex wp-container-core-columns-is-layout-d2ca7aa4 wp-block-columns-is-layout-flex\">\n<div class=\"wp-block-column is-vertically-aligned-center is-layout-flow wp-block-column-is-layout-flow\" style=\"padding-top:32px;padding-right:32px;padding-bottom:32px;padding-left:32px\">\n<div class=\"wp-block-group is-layout-constrained wp-container-core-group-is-layout-6d6486c8 wp-block-group-is-layout-constrained\">\n<h2 class=\"wp-block-heading\">Shiatsu<\/h2>\n\n\n\n<p>Shiatsu (giapp. \u201cpressione con le dita\u201d) \u00e8 una forma olistica di trattamento manuale che attiva le forze di autoguarigione e stimola il movimento di tutto il corpo. Si basa su un tocco consapevole e attento, eseguito con i pollici e i palmi delle mani. La qualit\u00e0 di questo lavoro risiede nella combinazione di tecniche strutturali \u2013 come mobilizzazioni, allungamenti muscolari e movimenti ritmici \u2013 integrate con il trattamento dei meridiani e dei punti di agopuntura. Il trattamento si svolge vestiti, su un materassino speciale posizionato a terra.<sup>(1)<\/sup><\/p>\n<\/div>\n<\/div>\n\n\n\n<div class=\"wp-block-column is-vertically-aligned-center has-raft-bg-alt-background-color has-background is-layout-flow wp-block-column-is-layout-flow\" style=\"padding-top:32px;padding-right:32px;padding-bottom:32px;padding-left:32px\">\n<figure class=\"wp-block-image aligncenter size-full\"><img loading=\"lazy\" decoding=\"async\" width=\"1024\" height=\"1024\" src=\"https:\/\/reconnect.im\/wp-content\/uploads\/2025\/04\/Shiatsu.png\" alt=\"\" class=\"wp-image-120\" srcset=\"https:\/\/reconnect.im\/wp-content\/uploads\/2025\/04\/Shiatsu.png 1024w, https:\/\/reconnect.im\/wp-content\/uploads\/2025\/04\/Shiatsu-300x300.png 300w, https:\/\/reconnect.im\/wp-content\/uploads\/2025\/04\/Shiatsu-150x150.png 150w, https:\/\/reconnect.im\/wp-content\/uploads\/2025\/04\/Shiatsu-768x768.png 768w\" sizes=\"auto, (max-width: 1024px) 100vw, 1024px\" \/><\/figure>\n<\/div>\n<\/div>\n\n\n\n<div class=\"wp-block-columns alignfull are-vertically-aligned-center is-layout-flex wp-container-core-columns-is-layout-d2ca7aa4 wp-block-columns-is-layout-flex\">\n<div class=\"wp-block-column is-vertically-aligned-center has-raft-bg-alt-background-color has-background is-layout-flow wp-block-column-is-layout-flow\" style=\"padding-top:32px;padding-right:32px;padding-bottom:32px;padding-left:32px\">\n<figure class=\"wp-block-image aligncenter size-full\"><img loading=\"lazy\" decoding=\"async\" width=\"1024\" height=\"1024\" src=\"https:\/\/reconnect.im\/wp-content\/uploads\/2025\/04\/Cranio-Sacral.png\" alt=\"\" class=\"wp-image-121\" srcset=\"https:\/\/reconnect.im\/wp-content\/uploads\/2025\/04\/Cranio-Sacral.png 1024w, https:\/\/reconnect.im\/wp-content\/uploads\/2025\/04\/Cranio-Sacral-300x300.png 300w, https:\/\/reconnect.im\/wp-content\/uploads\/2025\/04\/Cranio-Sacral-150x150.png 150w, https:\/\/reconnect.im\/wp-content\/uploads\/2025\/04\/Cranio-Sacral-768x768.png 768w\" sizes=\"auto, (max-width: 1024px) 100vw, 1024px\" \/><\/figure>\n<\/div>\n\n\n\n<div class=\"wp-block-column is-vertically-aligned-center is-layout-flow wp-block-column-is-layout-flow\" style=\"padding-top:32px;padding-right:32px;padding-bottom:32px;padding-left:32px\">\n<div class=\"wp-block-group is-layout-constrained wp-container-core-group-is-layout-6d6486c8 wp-block-group-is-layout-constrained\">\n<h2 class=\"wp-block-heading\"><strong>Cranio-Sacrale<\/strong><\/h2>\n\n\n\n<p>Cranio (dal latino: cranio) e sacrale (dal latino: osso sacro) indicano una tecnica manuale dolce, che si concentra principalmente su leggere pressioni nella zona della testa, della colonna vertebrale, del sacro e dei piedi. L\u2019obiettivo del trattamento \u00e8 attivare le forze di autoguarigione, sciogliere blocchi e favorire il rilassamento profondo. La persona viene sostenuta nella sua interezza, permettendo a corpo e mente di ritrovare quiete ed equilibrio. Il trattamento si svolge in abbigliamento comodo.<sup>(1)<\/sup><\/p>\n<\/div>\n<\/div>\n<\/div>","protected":false},"excerpt":{"rendered":"<p>Pranatherapie-Behandlung F\u00fchlst Du Dich blockiert? Oder wei\u00dft du nicht, wie Du Klarheit, Kraft, Mut und inneren Ressourcen finden kannst, um Dich zu orientieren oder weiterzukommen in Deinen Strebungen nach Realisierung Deiner W\u00fcnsche und Ziele? Hast Du kleine k\u00f6rperliche oder seelische Schwachstellen und Beschwerden, die Dich trotz \u00e4rztlicher Behandlung und Begleitung noch hindern kraftvoll nach vorne [&hellip;]<\/p>","protected":false},"author":1,"featured_media":83,"parent":0,"menu_order":0,"comment_status":"closed","ping_status":"closed","template":"","meta":{"_themeisle_gutenberg_block_has_review":false,"footnotes":""},"class_list":["post-89","page","type-page","status-publish","has-post-thumbnail","hentry"],"_links":{"self":[{"href":"https:\/\/reconnect.im\/it\/wp-json\/wp\/v2\/pages\/89","targetHints":{"allow":["GET"]}}],"collection":[{"href":"https:\/\/reconnect.im\/it\/wp-json\/wp\/v2\/pages"}],"about":[{"href":"https:\/\/reconnect.im\/it\/wp-json\/wp\/v2\/types\/page"}],"author":[{"embeddable":true,"href":"https:\/\/reconnect.im\/it\/wp-json\/wp\/v2\/users\/1"}],"replies":[{"embeddable":true,"href":"https:\/\/reconnect.im\/it\/wp-json\/wp\/v2\/comments?post=89"}],"version-history":[{"count":5,"href":"https:\/\/reconnect.im\/it\/wp-json\/wp\/v2\/pages\/89\/revisions"}],"predecessor-version":[{"id":283,"href":"https:\/\/reconnect.im\/it\/wp-json\/wp\/v2\/pages\/89\/revisions\/283"}],"wp:featuredmedia":[{"embeddable":true,"href":"https:\/\/reconnect.im\/it\/wp-json\/wp\/v2\/media\/83"}],"wp:attachment":[{"href":"https:\/\/reconnect.im\/it\/wp-json\/wp\/v2\/media?parent=89"}],"curies":[{"name":"wp","href":"https:\/\/api.w.org\/{rel}","templated":true}]}}