{"id":31,"date":"2025-04-26T13:36:40","date_gmt":"2025-04-26T11:36:40","guid":{"rendered":"https:\/\/dev.reconnect.im\/?page_id=31"},"modified":"2025-06-08T22:55:36","modified_gmt":"2025-06-08T20:55:36","slug":"hypnose","status":"publish","type":"page","link":"https:\/\/reconnect.im\/it\/hypnose\/","title":{"rendered":"Ipnosi"},"content":{"rendered":"<div class=\"wp-block-columns alignfull are-vertically-aligned-center is-layout-flex wp-container-core-columns-is-layout-d2ca7aa4 wp-block-columns-is-layout-flex\">\n<div class=\"wp-block-column is-vertically-aligned-center is-layout-flow wp-block-column-is-layout-flow\" style=\"padding-top:32px;padding-right:32px;padding-bottom:32px;padding-left:32px\">\n<div class=\"wp-block-group is-layout-constrained wp-container-core-group-is-layout-6d6486c8 wp-block-group-is-layout-constrained\">\n<h2 class=\"wp-block-heading\"><strong>Ipnosi<\/strong><\/h2>\n\n\n\n<p><strong>Ipnosi<\/strong> \u00e8 uno stato di attenzione focalizzata e di profondo rilassamento. Viene spesso utilizzata per trattare un\u2019ampia gamma di blocchi, problematiche psicologiche e fisiche. Durante l\u2019ipnosi, la persona entra in uno stato di trance in cui l\u2019inconscio diventa pi\u00f9 accessibile. Questo permette di modificare pensieri, comportamenti ed emozioni radicati in profondit\u00e0. L\u2019ipnosi \u00e8 uno strumento versatile, impiegato anche in ambito psicoterapeutico e medico. Grazie all\u2019accesso a uno stato di coscienza modificato, \u00e8 possibile favorire cambiamenti significativi nel comportamento e nel benessere psicofisico, ad esempio:<br><strong>\u2013  Rilassamento profondo<\/strong>: riduzione di stress e ansia attraverso uno stato di calma profonda<br><strong>\u2013 Alleviamento del dolore<\/strong>: modifica della percezione del dolore e riduzione di dolori cronici<br><strong>\u2013 Cambiamento di abitudini<\/strong>: supporto per superare comportamenti indesiderati come il fumo o l\u2019alimentazione eccessiva<br><strong><strong><strong>&#8211; <\/strong><\/strong>Miglioramento del sonno<\/strong>: aiuto contro l\u2019insonnia e altri disturbi del sonno<br><strong>\u2013 Aumento dell\u2019autostima<\/strong>: rafforzamento della fiducia in s\u00e9 stessi e del senso di valore personale<br><strong>\u2013 Accompagnamento<\/strong> nel superamento di schemi mentali negativi e nella promozione di atteggiamenti pi\u00f9 positivi.<br><strong>\u2013 Supporto<\/strong> nell\u2019elaborazione di traumi<br><strong>\u2013 Promozione<\/strong> di abitudini alimentari pi\u00f9 sane e supporto nella perdita di peso <br><strong>\u2013 Crescita personale<\/strong>: miglioramento della concentrazione, della motivazione e della performance sportiva<sup>(1)<\/sup><\/p>\n<\/div>\n<\/div>\n\n\n\n<div class=\"wp-block-column is-vertically-aligned-center has-raft-bg-alt-background-color has-background is-layout-flow wp-block-column-is-layout-flow\" style=\"padding-top:32px;padding-right:32px;padding-bottom:32px;padding-left:32px\">\n<figure class=\"wp-block-image aligncenter size-full\"><img loading=\"lazy\" decoding=\"async\" width=\"1024\" height=\"1024\" src=\"https:\/\/reconnect.im\/wp-content\/uploads\/2025\/04\/Hypnose.png\" alt=\"\" class=\"wp-image-103\" srcset=\"https:\/\/reconnect.im\/wp-content\/uploads\/2025\/04\/Hypnose.png 1024w, https:\/\/reconnect.im\/wp-content\/uploads\/2025\/04\/Hypnose-300x300.png 300w, https:\/\/reconnect.im\/wp-content\/uploads\/2025\/04\/Hypnose-150x150.png 150w, https:\/\/reconnect.im\/wp-content\/uploads\/2025\/04\/Hypnose-768x768.png 768w\" sizes=\"auto, (max-width: 1024px) 100vw, 1024px\" \/><\/figure>\n<\/div>\n<\/div>","protected":false},"excerpt":{"rendered":"<p>Hypnose Hypnose ist ein Zustand fokussierter Aufmerksamkeit und tiefer Entspannung. Sie wird h\u00e4ufig verwendet, um eine Vielzahl von Blockaden, psychologischen und physischen Problemen zu behandeln. Hypnose versetzt die Person in einen Trancezustand, in dem das Unterbewusstsein zug\u00e4nglicher ist. Dies erm\u00f6glicht es, tief verwurzelte Gedanken, Verhaltensweisen und Emotionen zu ver\u00e4ndern. Hypnose ist ein vielseitiges Werkzeug, das [&hellip;]<\/p>","protected":false},"author":1,"featured_media":80,"parent":0,"menu_order":0,"comment_status":"closed","ping_status":"closed","template":"","meta":{"_themeisle_gutenberg_block_has_review":false,"footnotes":""},"class_list":["post-31","page","type-page","status-publish","has-post-thumbnail","hentry"],"_links":{"self":[{"href":"https:\/\/reconnect.im\/it\/wp-json\/wp\/v2\/pages\/31","targetHints":{"allow":["GET"]}}],"collection":[{"href":"https:\/\/reconnect.im\/it\/wp-json\/wp\/v2\/pages"}],"about":[{"href":"https:\/\/reconnect.im\/it\/wp-json\/wp\/v2\/types\/page"}],"author":[{"embeddable":true,"href":"https:\/\/reconnect.im\/it\/wp-json\/wp\/v2\/users\/1"}],"replies":[{"embeddable":true,"href":"https:\/\/reconnect.im\/it\/wp-json\/wp\/v2\/comments?post=31"}],"version-history":[{"count":5,"href":"https:\/\/reconnect.im\/it\/wp-json\/wp\/v2\/pages\/31\/revisions"}],"predecessor-version":[{"id":282,"href":"https:\/\/reconnect.im\/it\/wp-json\/wp\/v2\/pages\/31\/revisions\/282"}],"wp:featuredmedia":[{"embeddable":true,"href":"https:\/\/reconnect.im\/it\/wp-json\/wp\/v2\/media\/80"}],"wp:attachment":[{"href":"https:\/\/reconnect.im\/it\/wp-json\/wp\/v2\/media?parent=31"}],"curies":[{"name":"wp","href":"https:\/\/api.w.org\/{rel}","templated":true}]}}