{"id":19,"date":"2025-04-26T12:11:04","date_gmt":"2025-04-26T10:11:04","guid":{"rendered":"https:\/\/dev.reconnect.im\/?page_id=19"},"modified":"2025-04-27T19:32:28","modified_gmt":"2025-04-27T17:32:28","slug":"coaching","status":"publish","type":"page","link":"https:\/\/reconnect.im\/it\/coaching\/","title":{"rendered":"Coaching"},"content":{"rendered":"<div class=\"wp-block-columns alignfull are-vertically-aligned-center is-layout-flex wp-container-core-columns-is-layout-d2ca7aa4 wp-block-columns-is-layout-flex\">\n<div class=\"wp-block-column is-vertically-aligned-center is-layout-flow wp-block-column-is-layout-flow\" style=\"padding-top:32px;padding-right:32px;padding-bottom:32px;padding-left:32px\">\n<div class=\"wp-block-group is-layout-constrained wp-container-core-group-is-layout-6d6486c8 wp-block-group-is-layout-constrained\">\n<h2 class=\"wp-block-heading\">Coaching Sistemico<\/h2>\n\n\n\n<p><strong>Coaching Sistemico<\/strong>: Il coaching sistemico ti apre a nuove prospettive e soluzioni in situazioni di crisi e cambiamento. Questo approccio considera le tue tematiche nel contesto della tua intera vita \u2013 includendo famiglia, lavoro e ambiente sociale. Attraverso domande mirate e tecniche creative ti aiuto a riconoscere schemi ricorrenti, attivare le tue risorse interiori e favorire cambiamenti duraturi. \u00c8 particolarmente indicato per affrontare conflitti, prendere decisioni importanti e favorire la crescita personale. Troverai <strong>chiarezza, nuovi percorsi verso una vita pi\u00f9 soddisfacente \u2013 e il sostegno necessario per scoprire, definire e realizzare i tuoi desideri e obiettivi.<\/strong><sup>(<\/sup><sup>1)<\/sup><\/p>\n<\/div>\n<\/div>\n\n\n\n<div class=\"wp-block-column is-vertically-aligned-center has-raft-bg-alt-background-color has-background is-layout-flow wp-block-column-is-layout-flow\" style=\"padding-top:32px;padding-right:32px;padding-bottom:32px;padding-left:32px\">\n<figure class=\"wp-block-image aligncenter size-full\"><img loading=\"lazy\" decoding=\"async\" width=\"1024\" height=\"1024\" src=\"https:\/\/reconnect.im\/wp-content\/uploads\/2025\/04\/Systemisches-Coaching2.png\" alt=\"\" class=\"wp-image-100\" srcset=\"https:\/\/reconnect.im\/wp-content\/uploads\/2025\/04\/Systemisches-Coaching2.png 1024w, https:\/\/reconnect.im\/wp-content\/uploads\/2025\/04\/Systemisches-Coaching2-300x300.png 300w, https:\/\/reconnect.im\/wp-content\/uploads\/2025\/04\/Systemisches-Coaching2-150x150.png 150w, https:\/\/reconnect.im\/wp-content\/uploads\/2025\/04\/Systemisches-Coaching2-768x768.png 768w\" sizes=\"auto, (max-width: 1024px) 100vw, 1024px\" \/><\/figure>\n<\/div>\n<\/div>\n\n\n\n<div class=\"wp-block-columns alignfull are-vertically-aligned-center is-layout-flex wp-container-core-columns-is-layout-d2ca7aa4 wp-block-columns-is-layout-flex\">\n<div class=\"wp-block-column is-vertically-aligned-center has-raft-bg-alt-background-color has-background is-layout-flow wp-block-column-is-layout-flow\" style=\"padding-top:32px;padding-right:32px;padding-bottom:32px;padding-left:32px\">\n<figure class=\"wp-block-image aligncenter size-full\"><img loading=\"lazy\" decoding=\"async\" width=\"1024\" height=\"1024\" src=\"https:\/\/reconnect.im\/wp-content\/uploads\/2025\/04\/Wingwave-Coaching.png\" alt=\"\" class=\"wp-image-97\" srcset=\"https:\/\/reconnect.im\/wp-content\/uploads\/2025\/04\/Wingwave-Coaching.png 1024w, https:\/\/reconnect.im\/wp-content\/uploads\/2025\/04\/Wingwave-Coaching-300x300.png 300w, https:\/\/reconnect.im\/wp-content\/uploads\/2025\/04\/Wingwave-Coaching-150x150.png 150w, https:\/\/reconnect.im\/wp-content\/uploads\/2025\/04\/Wingwave-Coaching-768x768.png 768w\" sizes=\"auto, (max-width: 1024px) 100vw, 1024px\" \/><\/figure>\n<\/div>\n\n\n\n<div class=\"wp-block-column is-vertically-aligned-center is-layout-flow wp-block-column-is-layout-flow\" style=\"padding-top:32px;padding-right:32px;padding-bottom:32px;padding-left:32px\">\n<div class=\"wp-block-group is-layout-constrained wp-container-core-group-is-layout-6d6486c8 wp-block-group-is-layout-constrained\">\n<h2 class=\"wp-block-heading\">Wingwave Coaching<\/h2>\n\n\n\n<p><strong>Wingwave Coaching<\/strong>: Cambiamento rapido e duraturo \u2013 con questo metodo innovativo che combina elementi della PNL, dell\u2019EMDR e della kinesiologia per sciogliere in modo efficace blocchi emotivi e stress da prestazione. Attraverso movimenti oculari mirati e tecniche specifiche di coaching, lo stress e le emozioni negative vengono trasformati, permettendoti di raggiungere i tuoi obiettivi con maggiore facilit\u00e0. Ideale per la riduzione dello stress, il potenziamento delle prestazioni e lo sviluppo personale \u2013 scopri tutto il tuo potenziale e migliora il tuo benessere!<sup>(1)<\/sup><\/p>\n<\/div>\n<\/div>\n<\/div>\n\n\n\n<div class=\"wp-block-columns alignfull are-vertically-aligned-center is-layout-flex wp-container-core-columns-is-layout-d2ca7aa4 wp-block-columns-is-layout-flex\">\n<div class=\"wp-block-column is-vertically-aligned-center is-layout-flow wp-block-column-is-layout-flow\" style=\"padding-top:32px;padding-right:32px;padding-bottom:32px;padding-left:32px\">\n<div class=\"wp-block-group is-layout-constrained wp-container-core-group-is-layout-6d6486c8 wp-block-group-is-layout-constrained\">\n<h2 class=\"wp-block-heading\">Life Coaching<\/h2>\n\n\n\n<p><strong>Coaching di vita \u2013 consulenza olistica per il tuo benessere globale<\/strong>: Un accompagnamento orientato al tuo benessere fisico, emotivo, sociale e spirituale. Non si considerano solo le singole parti della tua vita, ma anche le connessioni, le relazioni e le interazioni tra di esse. Tutto \u00e8 in relazione, in movimento e in trasformazione. Con strategie personalizzate e feedback motivante, ti aiuto a superare ostacoli e a liberare tutto il tuo potenziale. Ideale per lo sviluppo personale, la pianificazione della carriera e l\u2019equilibrio tra vita privata e professionale \u2013 inizia ora il tuo viaggio verso una vita pi\u00f9 piena e appagante!<sup>(1)<\/sup><\/p>\n<\/div>\n<\/div>\n\n\n\n<div class=\"wp-block-column is-vertically-aligned-center has-raft-bg-alt-background-color has-background is-layout-flow wp-block-column-is-layout-flow\" style=\"padding-top:32px;padding-right:32px;padding-bottom:32px;padding-left:32px\">\n<figure class=\"wp-block-image aligncenter size-full\"><img loading=\"lazy\" decoding=\"async\" width=\"1024\" height=\"1024\" src=\"https:\/\/reconnect.im\/wp-content\/uploads\/2025\/04\/Life-Coaching.png\" alt=\"\" class=\"wp-image-99\" srcset=\"https:\/\/reconnect.im\/wp-content\/uploads\/2025\/04\/Life-Coaching.png 1024w, https:\/\/reconnect.im\/wp-content\/uploads\/2025\/04\/Life-Coaching-300x300.png 300w, https:\/\/reconnect.im\/wp-content\/uploads\/2025\/04\/Life-Coaching-150x150.png 150w, https:\/\/reconnect.im\/wp-content\/uploads\/2025\/04\/Life-Coaching-768x768.png 768w\" sizes=\"auto, (max-width: 1024px) 100vw, 1024px\" \/><\/figure>\n<\/div>\n<\/div>","protected":false},"excerpt":{"rendered":"<p>Systemisches Coaching Systemisches Coaching: erm\u00f6glicht Dir neue Perspektiven und L\u00f6sungen und verschiedensten Krisensituationen. Diese Methode betrachtet Deine Anliegen im Kontext Deiner gesamten Lebenssituation, einschlie\u00dflich Familie, Beruf und sozialem Umfeld. Durch gezielte Fragen und kreative Techniken helfe ich Dir, Muster zu erkennen, Ressourcen zu aktivieren und nachhaltige Ver\u00e4nderungen zu erzielen. Ideal f\u00fcr die Bew\u00e4ltigung von Konflikten, [&hellip;]<\/p>","protected":false},"author":1,"featured_media":63,"parent":0,"menu_order":0,"comment_status":"closed","ping_status":"closed","template":"","meta":{"_themeisle_gutenberg_block_has_review":false,"footnotes":""},"class_list":["post-19","page","type-page","status-publish","has-post-thumbnail","hentry"],"_links":{"self":[{"href":"https:\/\/reconnect.im\/it\/wp-json\/wp\/v2\/pages\/19","targetHints":{"allow":["GET"]}}],"collection":[{"href":"https:\/\/reconnect.im\/it\/wp-json\/wp\/v2\/pages"}],"about":[{"href":"https:\/\/reconnect.im\/it\/wp-json\/wp\/v2\/types\/page"}],"author":[{"embeddable":true,"href":"https:\/\/reconnect.im\/it\/wp-json\/wp\/v2\/users\/1"}],"replies":[{"embeddable":true,"href":"https:\/\/reconnect.im\/it\/wp-json\/wp\/v2\/comments?post=19"}],"version-history":[{"count":15,"href":"https:\/\/reconnect.im\/it\/wp-json\/wp\/v2\/pages\/19\/revisions"}],"predecessor-version":[{"id":115,"href":"https:\/\/reconnect.im\/it\/wp-json\/wp\/v2\/pages\/19\/revisions\/115"}],"wp:featuredmedia":[{"embeddable":true,"href":"https:\/\/reconnect.im\/it\/wp-json\/wp\/v2\/media\/63"}],"wp:attachment":[{"href":"https:\/\/reconnect.im\/it\/wp-json\/wp\/v2\/media?parent=19"}],"curies":[{"name":"wp","href":"https:\/\/api.w.org\/{rel}","templated":true}]}}